{"id":156,"date":"2023-01-21T21:09:15","date_gmt":"2023-01-21T20:09:15","guid":{"rendered":"https:\/\/ikub.demoworld.eu\/?page_id=156"},"modified":"2024-03-07T13:22:03","modified_gmt":"2024-03-07T12:22:03","slug":"daniel-gnaegi","status":"publish","type":"page","link":"https:\/\/ikub.demoworld.eu\/?page_id=156","title":{"rendered":"Daniel Gn\u00e4gi"},"content":{"rendered":"\n<div class=\"wp-block-media-text alignwide is-stacked-on-mobile is-vertically-aligned-bottom has-small-font-size\"><figure class=\"wp-block-media-text__media\"><img loading=\"lazy\" decoding=\"async\" width=\"1024\" height=\"850\" src=\"https:\/\/ikub.demoworld.eu\/wp-content\/uploads\/2024\/02\/daniel-e1706980308969-1024x850.jpg\" alt=\"\" class=\"wp-image-341 size-full\" srcset=\"https:\/\/ikub.demoworld.eu\/wp-content\/uploads\/2024\/02\/daniel-e1706980308969-1024x850.jpg 1024w, https:\/\/ikub.demoworld.eu\/wp-content\/uploads\/2024\/02\/daniel-e1706980308969-300x249.jpg 300w, https:\/\/ikub.demoworld.eu\/wp-content\/uploads\/2024\/02\/daniel-e1706980308969-768x638.jpg 768w, https:\/\/ikub.demoworld.eu\/wp-content\/uploads\/2024\/02\/daniel-e1706980308969.jpg 1274w\" sizes=\"(max-width: 1024px) 100vw, 1024px\" \/><\/figure><div class=\"wp-block-media-text__content\">\n<p><strong>Gesch\u00e4ftsf\u00fchrer<\/strong><\/p>\n\n\n\n<p>Gesch\u00e4ftsf\u00fchrer \/ Sozialp\u00e4dagoge FH \/ Bachelor of Law \/ CAS Kindsvertretung\/Verfahrensbeistandschaft<\/p>\n\n\n\n<p>032 530 15 07 \/  078 791 66 10<br>daniel.gnaegi@ikub.ch<br><strong><br>Mitglied von: Kinderanwaltschaft Schweiz, AvenirSocial, Berner Verband Familienbegleitung (Vorstand)<\/strong><br><br>Weitere Infos in meinem<strong><a href=\"https:\/\/ikub.demoworld.eu\/wp-admin\/post.php?post=495&amp;action=edit\"> Lebenslauf<\/a><\/strong><\/p>\n<\/div><\/div>\n\n\n\n<p>Mein Tipp f\u00fcr Familien:<\/p>\n","protected":false},"excerpt":{"rendered":"<p>Gesch\u00e4ftsf\u00fchrer Gesch\u00e4ftsf\u00fchrer \/ Sozialp\u00e4dagoge FH \/ Bachelor of Law \/ CAS Kindsvertretung\/Verfahrensbeistandschaft 032 530 15 07 \/ 078 791 66 10daniel.gnaegi@ikub.chMitglied von: Kinderanwaltschaft Schweiz, AvenirSocial, Berner Verband Familienbegleitung (Vorstand) Weitere Infos in meinem Lebenslauf Mein Tipp f\u00fcr Familien:<\/p>\n","protected":false},"author":1,"featured_media":0,"parent":36,"menu_order":0,"comment_status":"closed","ping_status":"closed","template":"","meta":{"footnotes":""},"_links":{"self":[{"href":"https:\/\/ikub.demoworld.eu\/index.php?rest_route=\/wp\/v2\/pages\/156"}],"collection":[{"href":"https:\/\/ikub.demoworld.eu\/index.php?rest_route=\/wp\/v2\/pages"}],"about":[{"href":"https:\/\/ikub.demoworld.eu\/index.php?rest_route=\/wp\/v2\/types\/page"}],"author":[{"embeddable":true,"href":"https:\/\/ikub.demoworld.eu\/index.php?rest_route=\/wp\/v2\/users\/1"}],"replies":[{"embeddable":true,"href":"https:\/\/ikub.demoworld.eu\/index.php?rest_route=%2Fwp%2Fv2%2Fcomments&post=156"}],"version-history":[{"count":14,"href":"https:\/\/ikub.demoworld.eu\/index.php?rest_route=\/wp\/v2\/pages\/156\/revisions"}],"predecessor-version":[{"id":535,"href":"https:\/\/ikub.demoworld.eu\/index.php?rest_route=\/wp\/v2\/pages\/156\/revisions\/535"}],"up":[{"embeddable":true,"href":"https:\/\/ikub.demoworld.eu\/index.php?rest_route=\/wp\/v2\/pages\/36"}],"wp:attachment":[{"href":"https:\/\/ikub.demoworld.eu\/index.php?rest_route=%2Fwp%2Fv2%2Fmedia&parent=156"}],"curies":[{"name":"wp","href":"https:\/\/api.w.org\/{rel}","templated":true}]}}