{"id":176,"date":"2023-02-04T19:38:08","date_gmt":"2023-02-04T18:38:08","guid":{"rendered":"https:\/\/ikub.demoworld.eu\/?page_id=176"},"modified":"2024-03-07T11:26:21","modified_gmt":"2024-03-07T10:26:21","slug":"kindsvertretung-verfahrensbeistandschaft","status":"publish","type":"page","link":"https:\/\/ikub.demoworld.eu\/?page_id=176","title":{"rendered":"<strong>Kindsvertretung und Verfahrens-beistandschaft<\/strong>"},"content":{"rendered":"<div class=\"wp-block-image\">\n<figure class=\"alignright is-resized\"><img loading=\"lazy\" decoding=\"async\" width=\"1024\" height=\"1024\" src=\"https:\/\/ikub.demoworld.eu\/wp-content\/uploads\/2023\/01\/ikub_k6488-1024x1024.jpg\" alt=\"\" class=\"wp-image-37\" style=\"width:301px;height:auto\" srcset=\"https:\/\/ikub.demoworld.eu\/wp-content\/uploads\/2023\/01\/ikub_k6488-1024x1024.jpg 1024w, https:\/\/ikub.demoworld.eu\/wp-content\/uploads\/2023\/01\/ikub_k6488-300x300.jpg 300w, https:\/\/ikub.demoworld.eu\/wp-content\/uploads\/2023\/01\/ikub_k6488-150x150.jpg 150w, https:\/\/ikub.demoworld.eu\/wp-content\/uploads\/2023\/01\/ikub_k6488-768x768.jpg 768w, https:\/\/ikub.demoworld.eu\/wp-content\/uploads\/2023\/01\/ikub_k6488-1536x1536.jpg 1536w, https:\/\/ikub.demoworld.eu\/wp-content\/uploads\/2023\/01\/ikub_k6488-2048x2048.jpg 2048w\" sizes=\"(max-width: 1024px) 100vw, 1024px\" \/><figcaption class=\"wp-element-caption\">Daniel Gn\u00e4gi Sozialp\u00e4dagoge FH \/ BLaw \/ CAS Kindesvertretung \/ Verfahrensbeistandschaft<\/figcaption><\/figure><\/div>\n\n\n<p>Daniel Gn\u00e4gi vertritt in Beh\u00f6rdenverfahren <strong>(Eheschutz\/Scheidung und Kindesschutzverfahren)<\/strong> Kinder und Jugendliche. Er ber\u00e4t die Kinder, die Eltern, das Familiensystem und die Beh\u00f6rden.<\/p>\n\n\n\n<p style=\"font-style:normal;font-weight:100\"><strong>Den Kindern eine Stimme geben, wenn \u00fcber ihre weitere Lebenssituation entschieden wird.<\/strong><\/p>\n\n\n\n<p>Die <strong>Partizipation<\/strong> leben und den Kindern das Recht geben, d.h. ihren <strong>eigenen Willen<\/strong> im gesamten Verfahren einzubringen, sie dabei zu begleitet, zu informieren und sich f\u00fcr ihr <strong>Kindeswohl<\/strong> einzusetzen.<\/p>\n\n\n\n<p>Aufgrund seiner langj\u00e4hrigen Berufserfahrung in der Begleitung von Familien mit Kindern, erlebte er oft, wie es den Eltern im akuten Paarkonflikt nicht mehr gelingt, die <strong>Bed\u00fcrfnisse ihres Kindes wahrzunehmen<\/strong> und diese unabh\u00e4ngig von sich auch zu vertreten.<\/p>\n\n\n\n<p>Gerne setz er sich f\u00fcr die Interessen und das Recht der Kinder oder Jugendlichen ein, damit sie in den innerfamili\u00e4ren Konflikten oder in Verfahren angeh\u00f6rt werden.<\/p>\n\n\n\n<div class=\"wp-block-media-text is-stacked-on-mobile is-vertically-aligned-bottom\" style=\"grid-template-columns:30% auto\"><figure class=\"wp-block-media-text__media\"><img decoding=\"async\" src=\"https:\/\/ikub.demoworld.eu\/wp-content\/uploads\/2023\/02\/Unbenannt.png\" alt=\"\" class=\"wp-image-183 size-full\"\/><\/figure><div class=\"wp-block-media-text__content\">\n<p style=\"font-style:normal;font-weight:100\"><strong>Der Nutzen und wichtigste Kriterien f\u00fcr die Einsetzung einer Rechtsvertretung<\/strong>, gem. <a href=\"http:\/\/www.kinderanwaltschaft.ch\">www.kinderanwaltschaft.ch<\/a><\/p>\n<\/div><\/div>\n\n\n\n<p style=\"font-style:normal;font-weight:100\"><strong>Nutzen<\/strong> einer Rechtsvertretung<\/p>\n\n\n\n<ul>\n<li>Partizipation des Kindes im gesamten Verfahren ist gesichert<\/li>\n\n\n\n<li>Kind hat eine eigene Stimme im Verfahren (Kindeswille wird eingebracht)<\/li>\n\n\n\n<li>Kinder sind w\u00e4hrend des gesamten Verfahrens begleitet und informiert<\/li>\n\n\n\n<li>Professionell aufbereitete Informationen (v. a. Sicht des Kindes) stehen zur Verf\u00fcgung<\/li>\n\n\n\n<li>Weiterf\u00fchrende Sachverhaltserkenntnisse und erg\u00e4nzende Informationen zur Entscheidungsfindung k\u00f6nnen genutzt werden<\/li>\n\n\n\n<li>Entscheidende Beh\u00f6rde oder Gericht kann objektivere Stellung einnehmen<\/li>\n\n\n\n<li>Entspannung in angespanntem famili\u00e4rem Konflikt ist leichter m\u00f6glich<\/li>\n\n\n\n<li>Chance auf einvernehmliche und nachhaltigere L\u00f6sung steigt<\/li>\n\n\n\n<li>Kooperationsbereitschaft der Akteure nimmt zu<\/li>\n\n\n\n<li>H\u00f6here Verfahrenseffizienz hilft Kosten einzusparen<\/li>\n<\/ul>\n\n\n\n<p><strong>Kriterien<\/strong> f\u00fcr die Einsetzung einer Rechtsvertretung<\/p>\n\n\n\n<ul>\n<li>Kind ist objektiv nicht in der Lage, das Verfahren ohne Rechtsvertretung zu bestreiten<\/li>\n\n\n\n<li>Kind ist in subjektiver Hinsicht \u00fcberfordert<\/li>\n\n\n\n<li>Fremdplatzierung des Kindes<\/li>\n\n\n\n<li>Antrag des urteilsf\u00e4higen Kindes oder eines Elternteils<\/li>\n\n\n\n<li>Verfahren, in dem schwerwiegende Entscheidungen f\u00fcr die Zukunft des Kindes (z. B. zentrale Fragen bez\u00fcglich Ausbildung oder Gesundheit) getroffen werden<\/li>\n\n\n\n<li>Eltern stellen unterschiedliche Antr\u00e4ge, was zu einem Loyalit\u00e4tskonflikt des Kindes f\u00fchrt<\/li>\n\n\n\n<li>Vorliegen von psychischer und\/oder physischer Gewalt der Eltern gegen\u00fcber dem Kind<\/li>\n\n\n\n<li>Systematische Falschinformation bzw. Manipulation des Kindes durch einen oder beide Elternteile<\/li>\n\n\n\n<li>Erhebliche Zweifel an der Angemessenheit der gemeinsamen Antr\u00e4ge der Eltern<\/li>\n\n\n\n<li>Langwierige Abkl\u00e4rungen bei komplexen Familiensituationen, wenn der Gegenstand des Verfahrens noch unklar ist bzw. ein langes und komplexes Verfahren sich abzeichnet<\/li>\n<\/ul>\n","protected":false},"excerpt":{"rendered":"<p>Daniel Gn\u00e4gi vertritt in Beh\u00f6rdenverfahren (Eheschutz\/Scheidung und Kindesschutzverfahren) Kinder und Jugendliche. Er ber\u00e4t die Kinder, die Eltern, das Familiensystem und die Beh\u00f6rden. Den Kindern eine Stimme geben, wenn \u00fcber ihre weitere Lebenssituation entschieden wird. Die Partizipation leben und den Kindern das Recht geben, d.h. ihren eigenen Willen im gesamten Verfahren einzubringen, sie dabei zu begleitet, [&hellip;]<\/p>\n","protected":false},"author":1,"featured_media":0,"parent":0,"menu_order":0,"comment_status":"closed","ping_status":"closed","template":"","meta":{"footnotes":""},"_links":{"self":[{"href":"https:\/\/ikub.demoworld.eu\/index.php?rest_route=\/wp\/v2\/pages\/176"}],"collection":[{"href":"https:\/\/ikub.demoworld.eu\/index.php?rest_route=\/wp\/v2\/pages"}],"about":[{"href":"https:\/\/ikub.demoworld.eu\/index.php?rest_route=\/wp\/v2\/types\/page"}],"author":[{"embeddable":true,"href":"https:\/\/ikub.demoworld.eu\/index.php?rest_route=\/wp\/v2\/users\/1"}],"replies":[{"embeddable":true,"href":"https:\/\/ikub.demoworld.eu\/index.php?rest_route=%2Fwp%2Fv2%2Fcomments&post=176"}],"version-history":[{"count":10,"href":"https:\/\/ikub.demoworld.eu\/index.php?rest_route=\/wp\/v2\/pages\/176\/revisions"}],"predecessor-version":[{"id":520,"href":"https:\/\/ikub.demoworld.eu\/index.php?rest_route=\/wp\/v2\/pages\/176\/revisions\/520"}],"wp:attachment":[{"href":"https:\/\/ikub.demoworld.eu\/index.php?rest_route=%2Fwp%2Fv2%2Fmedia&parent=176"}],"curies":[{"name":"wp","href":"https:\/\/api.w.org\/{rel}","templated":true}]}}