{"id":205,"date":"2023-03-20T11:56:07","date_gmt":"2023-03-20T10:56:07","guid":{"rendered":"https:\/\/ikub.demoworld.eu\/?page_id=205"},"modified":"2024-03-08T16:35:47","modified_gmt":"2024-03-08T15:35:47","slug":"vanja-barth","status":"publish","type":"page","link":"https:\/\/ikub.demoworld.eu\/?page_id=205","title":{"rendered":"Vanja Barth"},"content":{"rendered":"\n<div class=\"wp-block-media-text alignwide is-stacked-on-mobile\"><figure class=\"wp-block-media-text__media\"><img loading=\"lazy\" decoding=\"async\" width=\"1004\" height=\"916\" src=\"https:\/\/ikub.demoworld.eu\/wp-content\/uploads\/2024\/02\/Vanja-Foto.png\" alt=\"\" class=\"wp-image-348 size-full\" srcset=\"https:\/\/ikub.demoworld.eu\/wp-content\/uploads\/2024\/02\/Vanja-Foto.png 1004w, https:\/\/ikub.demoworld.eu\/wp-content\/uploads\/2024\/02\/Vanja-Foto-300x274.png 300w, https:\/\/ikub.demoworld.eu\/wp-content\/uploads\/2024\/02\/Vanja-Foto-768x701.png 768w\" sizes=\"(max-width: 1004px) 100vw, 1004px\" \/><\/figure><div class=\"wp-block-media-text__content\">\n<p><\/p>\n\n\n\n<p><\/p>\n\n\n\n<p><strong>Pflegefachfrau HF<\/strong><\/p>\n\n\n\n<p><a href=\"mailto:vanja.barth@ikub.ch\">vanja.barth@ikub.ch<\/a><\/p>\n\n\n\n<p>078 213 02 03<br><br><a href=\"https:\/\/ikub.demoworld.eu\/wp-admin\/post.php?post=482&amp;action=edit\">Lebenslauf<\/a><\/p>\n\n\n\n<p><\/p>\n\n\n\n<p><\/p>\n\n\n\n<ul class=\"wp-block-social-links is-layout-flex wp-block-social-links-is-layout-flex\"><li class=\"wp-social-link wp-social-link-linkedin  wp-block-social-link\"><a href=\"https:\/\/www.linkedin.com\/in\/vanja-barth-0625b0214\/?original_referer=https%3A%2F%2Fikub.ch%2F\" class=\"wp-block-social-link-anchor\"><svg width=\"24\" height=\"24\" viewBox=\"0 0 24 24\" version=\"1.1\" xmlns=\"http:\/\/www.w3.org\/2000\/svg\" aria-hidden=\"true\" focusable=\"false\"><path d=\"M19.7,3H4.3C3.582,3,3,3.582,3,4.3v15.4C3,20.418,3.582,21,4.3,21h15.4c0.718,0,1.3-0.582,1.3-1.3V4.3 C21,3.582,20.418,3,19.7,3z M8.339,18.338H5.667v-8.59h2.672V18.338z M7.004,8.574c-0.857,0-1.549-0.694-1.549-1.548 c0-0.855,0.691-1.548,1.549-1.548c0.854,0,1.547,0.694,1.547,1.548C8.551,7.881,7.858,8.574,7.004,8.574z M18.339,18.338h-2.669 v-4.177c0-0.996-0.017-2.278-1.387-2.278c-1.389,0-1.601,1.086-1.601,2.206v4.249h-2.667v-8.59h2.559v1.174h0.037 c0.356-0.675,1.227-1.387,2.526-1.387c2.703,0,3.203,1.779,3.203,4.092V18.338z\"><\/path><\/svg><span class=\"wp-block-social-link-label screen-reader-text\">LinkedIn<\/span><\/a><\/li><\/ul>\n<\/div><\/div>\n\n\n\n<blockquote class=\"wp-block-quote\">\n<p>&#8220;Wir k\u00f6nnen den Wind nicht \u00e4ndern, aber die Segel anders setzen &#8220;<\/p>\n<cite>Aristoteles<\/cite><\/blockquote>\n\n\n\n<p class=\"has-text-align-center\"><strong>Mein Buchtipp:<\/strong><\/p>\n\n\n\n<div class=\"wp-block-media-text is-stacked-on-mobile\" style=\"grid-template-columns:48% auto\"><figure class=\"wp-block-media-text__media\"><img loading=\"lazy\" decoding=\"async\" width=\"510\" height=\"268\" src=\"https:\/\/ikub.demoworld.eu\/wp-content\/uploads\/2024\/03\/vanja.webp\" alt=\"\" class=\"wp-image-599 size-full\" srcset=\"https:\/\/ikub.demoworld.eu\/wp-content\/uploads\/2024\/03\/vanja.webp 510w, https:\/\/ikub.demoworld.eu\/wp-content\/uploads\/2024\/03\/vanja-300x158.webp 300w\" sizes=\"(max-width: 510px) 100vw, 510px\" \/><\/figure><div class=\"wp-block-media-text__content\">\n<p>Triologie von Tove Ditlevsen (Kindheit-Jugend-Abh\u00e4ngigkeit)<\/p>\n<\/div><\/div>\n\n\n\n<p class=\"has-text-align-center\"><strong>Mein Ausflugstipp <\/strong><\/p>\n\n\n\n<div class=\"wp-block-media-text has-media-on-the-right is-stacked-on-mobile\" style=\"grid-template-columns:auto 46%\"><div class=\"wp-block-media-text__content\">\n<p>Ein Besuch ins Sensorium<br>R\u00fcttihubel 29, 3512 Walkringen<br><a href=\"https:\/\/www.ruettihubelbad.ch\/p_Sensorium\/p_Willkommen\/\">Link<\/a><\/p>\n<\/div><figure class=\"wp-block-media-text__media\"><img loading=\"lazy\" decoding=\"async\" width=\"800\" height=\"500\" src=\"https:\/\/ikub.demoworld.eu\/wp-content\/uploads\/2024\/03\/sensorium.jpg\" alt=\"\" class=\"wp-image-600 size-full\" srcset=\"https:\/\/ikub.demoworld.eu\/wp-content\/uploads\/2024\/03\/sensorium.jpg 800w, https:\/\/ikub.demoworld.eu\/wp-content\/uploads\/2024\/03\/sensorium-300x188.jpg 300w, https:\/\/ikub.demoworld.eu\/wp-content\/uploads\/2024\/03\/sensorium-768x480.jpg 768w\" sizes=\"(max-width: 800px) 100vw, 800px\" \/><\/figure><\/div>\n","protected":false},"excerpt":{"rendered":"<p>&#8220;Wir k\u00f6nnen den Wind nicht \u00e4ndern, aber die Segel anders setzen &#8220; Aristoteles Mein Buchtipp: Triologie von Tove Ditlevsen (Kindheit-Jugend-Abh\u00e4ngigkeit) Mein Ausflugstipp Ein Besuch ins SensoriumR\u00fcttihubel 29, 3512 WalkringenLink<\/p>\n","protected":false},"author":1,"featured_media":0,"parent":36,"menu_order":0,"comment_status":"closed","ping_status":"closed","template":"","meta":{"footnotes":""},"_links":{"self":[{"href":"https:\/\/ikub.demoworld.eu\/index.php?rest_route=\/wp\/v2\/pages\/205"}],"collection":[{"href":"https:\/\/ikub.demoworld.eu\/index.php?rest_route=\/wp\/v2\/pages"}],"about":[{"href":"https:\/\/ikub.demoworld.eu\/index.php?rest_route=\/wp\/v2\/types\/page"}],"author":[{"embeddable":true,"href":"https:\/\/ikub.demoworld.eu\/index.php?rest_route=\/wp\/v2\/users\/1"}],"replies":[{"embeddable":true,"href":"https:\/\/ikub.demoworld.eu\/index.php?rest_route=%2Fwp%2Fv2%2Fcomments&post=205"}],"version-history":[{"count":14,"href":"https:\/\/ikub.demoworld.eu\/index.php?rest_route=\/wp\/v2\/pages\/205\/revisions"}],"predecessor-version":[{"id":603,"href":"https:\/\/ikub.demoworld.eu\/index.php?rest_route=\/wp\/v2\/pages\/205\/revisions\/603"}],"up":[{"embeddable":true,"href":"https:\/\/ikub.demoworld.eu\/index.php?rest_route=\/wp\/v2\/pages\/36"}],"wp:attachment":[{"href":"https:\/\/ikub.demoworld.eu\/index.php?rest_route=%2Fwp%2Fv2%2Fmedia&parent=205"}],"curies":[{"name":"wp","href":"https:\/\/api.w.org\/{rel}","templated":true}]}}