{"id":261,"date":"2023-06-23T15:13:30","date_gmt":"2023-06-23T13:13:30","guid":{"rendered":"https:\/\/ikub.demoworld.eu\/?page_id=261"},"modified":"2024-03-07T11:25:14","modified_gmt":"2024-03-07T10:25:14","slug":"familienrat","status":"publish","type":"page","link":"https:\/\/ikub.demoworld.eu\/?page_id=261","title":{"rendered":"Familienrat"},"content":{"rendered":"\n<p>Fachkundige Beratung durch Andrea Sinyan<\/p>\n\n\n\n<div class=\"wp-block-group is-layout-constrained wp-block-group-is-layout-constrained\"><div class=\"wp-block-group__inner-container\">\n<div class=\"wp-block-columns is-layout-flex wp-container-core-columns-layout-1 wp-block-columns-is-layout-flex\">\n<div class=\"wp-block-column is-layout-flow wp-block-column-is-layout-flow\" style=\"flex-basis:100%\">\n<div class=\"wp-block-media-text alignwide has-media-on-the-right is-stacked-on-mobile is-vertically-aligned-bottom\" style=\"grid-template-columns:auto 47%\"><div class=\"wp-block-media-text__content\">\n<p>Der Familienrat basiert auf dem Prinzip <\/p>\n\n\n\n<p>&#8220;Hilfe zur Selbsthilfe&#8221;.<\/p>\n\n\n\n<p>Denn die Betroffenen sind Spezialisten f\u00fcr die L\u00f6sung ihrer Probleme. Gemeinsam mit Menschen, die ihnen nahestehen, erarbeiten sie ihren Masterplan und \u00fcbernehmen die Verantwortung f\u00fcr die Umsetzung.<\/p>\n<\/div><figure class=\"wp-block-media-text__media\"><img loading=\"lazy\" decoding=\"async\" width=\"1024\" height=\"1024\" src=\"https:\/\/ikub.demoworld.eu\/wp-content\/uploads\/2023\/01\/69277DBC-3DAF-46DC-9AC4-A51190B29B86-1024x1024.jpeg\" alt=\"\" class=\"wp-image-66 size-full\" srcset=\"https:\/\/ikub.demoworld.eu\/wp-content\/uploads\/2023\/01\/69277DBC-3DAF-46DC-9AC4-A51190B29B86-1024x1024.jpeg 1024w, https:\/\/ikub.demoworld.eu\/wp-content\/uploads\/2023\/01\/69277DBC-3DAF-46DC-9AC4-A51190B29B86-300x300.jpeg 300w, https:\/\/ikub.demoworld.eu\/wp-content\/uploads\/2023\/01\/69277DBC-3DAF-46DC-9AC4-A51190B29B86-150x150.jpeg 150w, https:\/\/ikub.demoworld.eu\/wp-content\/uploads\/2023\/01\/69277DBC-3DAF-46DC-9AC4-A51190B29B86-768x768.jpeg 768w, https:\/\/ikub.demoworld.eu\/wp-content\/uploads\/2023\/01\/69277DBC-3DAF-46DC-9AC4-A51190B29B86-1536x1536.jpeg 1536w, https:\/\/ikub.demoworld.eu\/wp-content\/uploads\/2023\/01\/69277DBC-3DAF-46DC-9AC4-A51190B29B86-2048x2048.jpeg 2048w\" sizes=\"(max-width: 1024px) 100vw, 1024px\" \/><\/figure><\/div>\n<\/div>\n<\/div>\n<\/div><\/div>\n\n\n\n<p>Wie kommt es zu einem Familienrat?<br>Im Kindesschutzbereichs informiert die zuweisende Fachkraft die Familie \u00fcber ihre Beobachtungen und benennt ihre Sorgen rund um die Entwicklung des Kindes. Die Fachkraft schl\u00e4gt vor einen Familienrat abzuhalten und formuliert f\u00fcr welche Probleme die Familie einen L\u00f6sungsplan erarbeiten soll. Stimmen die Betroffen zu, beauftragt die Fachkraft eine Koordinationsperson mit der Organisation des Familienrates.<\/p>\n\n\n\n<p>M\u00f6gliche Anwendungsbereiche:<br>Erziehungsschwierigkeiten \/ \u00dcberforderungssituationen der Eltern<br>Verhaltensauff\u00e4lligkeiten \/ Entwicklungsauff\u00e4lligkeiten der Kinder<br>Akute Krisensituationen \/ Notfallsituationen<br>Schul- und Leistungsprobleme<br>Problemstellungen in der Schulsozialarbeit<br>Sorgerechts- und Besuchsrechtsfragen<br>Eltern- und Paarkonflikten<br>Psychische Erkrankungen von einem oder beiden Elternteilen<\/p>\n\n\n\n<p>Unser Angebot:<br>Wir \u00fcbernehmen die Unterst\u00fctzung der Familien und koordinieren l\u00f6sungsneutral die Organisation des Familienrates und sind verantwortlich f\u00fcr den Prozess. Dabei entscheidet die Familie \u00fcber die Ausgestaltung des Familienrates.<br>Wir stellen die Begleitung der Familie und deren Netzwerk bei der gesamten Planung sicher und halten die Standards des Familienrates ein.<\/p>\n","protected":false},"excerpt":{"rendered":"<p>Fachkundige Beratung durch Andrea Sinyan Der Familienrat basiert auf dem Prinzip &#8220;Hilfe zur Selbsthilfe&#8221;. Denn die Betroffenen sind Spezialisten f\u00fcr die L\u00f6sung ihrer Probleme. Gemeinsam mit Menschen, die ihnen nahestehen, erarbeiten sie ihren Masterplan und \u00fcbernehmen die Verantwortung f\u00fcr die Umsetzung. Wie kommt es zu einem Familienrat?Im Kindesschutzbereichs informiert die zuweisende Fachkraft die Familie \u00fcber [&hellip;]<\/p>\n","protected":false},"author":1,"featured_media":0,"parent":29,"menu_order":0,"comment_status":"closed","ping_status":"closed","template":"","meta":{"footnotes":""},"_links":{"self":[{"href":"https:\/\/ikub.demoworld.eu\/index.php?rest_route=\/wp\/v2\/pages\/261"}],"collection":[{"href":"https:\/\/ikub.demoworld.eu\/index.php?rest_route=\/wp\/v2\/pages"}],"about":[{"href":"https:\/\/ikub.demoworld.eu\/index.php?rest_route=\/wp\/v2\/types\/page"}],"author":[{"embeddable":true,"href":"https:\/\/ikub.demoworld.eu\/index.php?rest_route=\/wp\/v2\/users\/1"}],"replies":[{"embeddable":true,"href":"https:\/\/ikub.demoworld.eu\/index.php?rest_route=%2Fwp%2Fv2%2Fcomments&post=261"}],"version-history":[{"count":3,"href":"https:\/\/ikub.demoworld.eu\/index.php?rest_route=\/wp\/v2\/pages\/261\/revisions"}],"predecessor-version":[{"id":519,"href":"https:\/\/ikub.demoworld.eu\/index.php?rest_route=\/wp\/v2\/pages\/261\/revisions\/519"}],"up":[{"embeddable":true,"href":"https:\/\/ikub.demoworld.eu\/index.php?rest_route=\/wp\/v2\/pages\/29"}],"wp:attachment":[{"href":"https:\/\/ikub.demoworld.eu\/index.php?rest_route=%2Fwp%2Fv2%2Fmedia&parent=261"}],"curies":[{"name":"wp","href":"https:\/\/api.w.org\/{rel}","templated":true}]}}