{"id":29,"date":"2023-01-08T18:10:33","date_gmt":"2023-01-08T17:10:33","guid":{"rendered":"https:\/\/ikub.demoworld.eu\/?page_id=29"},"modified":"2023-01-08T18:18:07","modified_gmt":"2023-01-08T17:18:07","slug":"xyg","status":"publish","type":"page","link":"https:\/\/ikub.demoworld.eu\/?page_id=29","title":{"rendered":"Angebot"},"content":{"rendered":"\n<p>Unsere p\u00e4dagogische Dienstleistung richtet sich an Eltern, Familien, Erziehende sowie Jugendliche und junge Erwachsene, die punktuelle Unterst\u00fctzung ben\u00f6tigen. Sei dies, weil sie ein bestimmtes Anliegen nicht alleine l\u00f6sen k\u00f6nnen, weil eine Beh\u00f6rde oder Institution Handlungsbedarf im Umgang mit individuellen Anforderungen sieht oder weil die betreffende Person mit der aktuellen Situation nicht umzugehen weiss. Dabei setzen wir auf die Wirkungskraft des Systems.<\/p>\n\n\n\n<ul>\n<li>Wir suchen mit den Betroffenen nach individuellen L\u00f6sungen f\u00fcr ein selbstbestimmtes Leben<\/li>\n\n\n\n<li>Wir beziehen wichtige Bezugspersonen mit ein und f\u00f6rdern die Kommunikation<\/li>\n\n\n\n<li>Wir lernen mit ihnen, die Anforderungen an die Erziehung der Kinder im Alltag, umzusetzen<\/li>\n\n\n\n<li>Wir unterst\u00fctzen sie in der Entwicklung und Umsetzung von neuen Handlungsstrategien<\/li>\n\n\n\n<li>Wir geben Unterst\u00fctzung und Orientierung dort, wo sie gefordert, gew\u00fcnscht und anwendbar ist<\/li>\n<\/ul>\n\n\n\n<p>Individuelle und sozialp\u00e4dagogische Begleitung durch:<\/p>\n\n\n\n<ul>\n<li>Einzel- und Systembegleitung (z.B. Eltern- oder Familienbegleitung)<\/li>\n\n\n\n<li>Einzel- und Elterncoaching<\/li>\n\n\n\n<li>Begleitung nach Institutionsaustritten<\/li>\n\n\n\n<li>Wohn- und Besuchsrechtbegleitung<\/li>\n\n\n\n<li>Mandatsf\u00fchrung<\/li>\n<\/ul>\n\n\n\n<p>F\u00fcr weitere Zusammenarbeitsformen kommen Sie auf uns zu.<\/p>\n\n\n\n<p>Wir arbeiten mit externen Fachpersonen zusammen.<\/p>\n","protected":false},"excerpt":{"rendered":"<p>Unsere p\u00e4dagogische Dienstleistung richtet sich an Eltern, Familien, Erziehende sowie Jugendliche und junge Erwachsene, die punktuelle Unterst\u00fctzung ben\u00f6tigen. Sei dies, weil sie ein bestimmtes Anliegen nicht alleine l\u00f6sen k\u00f6nnen, weil eine Beh\u00f6rde oder Institution Handlungsbedarf im Umgang mit individuellen Anforderungen sieht oder weil die betreffende Person mit der aktuellen Situation nicht umzugehen weiss. Dabei setzen [&hellip;]<\/p>\n","protected":false},"author":1,"featured_media":0,"parent":0,"menu_order":2,"comment_status":"closed","ping_status":"closed","template":"","meta":{"footnotes":""},"_links":{"self":[{"href":"https:\/\/ikub.demoworld.eu\/index.php?rest_route=\/wp\/v2\/pages\/29"}],"collection":[{"href":"https:\/\/ikub.demoworld.eu\/index.php?rest_route=\/wp\/v2\/pages"}],"about":[{"href":"https:\/\/ikub.demoworld.eu\/index.php?rest_route=\/wp\/v2\/types\/page"}],"author":[{"embeddable":true,"href":"https:\/\/ikub.demoworld.eu\/index.php?rest_route=\/wp\/v2\/users\/1"}],"replies":[{"embeddable":true,"href":"https:\/\/ikub.demoworld.eu\/index.php?rest_route=%2Fwp%2Fv2%2Fcomments&post=29"}],"version-history":[{"count":2,"href":"https:\/\/ikub.demoworld.eu\/index.php?rest_route=\/wp\/v2\/pages\/29\/revisions"}],"predecessor-version":[{"id":31,"href":"https:\/\/ikub.demoworld.eu\/index.php?rest_route=\/wp\/v2\/pages\/29\/revisions\/31"}],"wp:attachment":[{"href":"https:\/\/ikub.demoworld.eu\/index.php?rest_route=%2Fwp%2Fv2%2Fmedia&parent=29"}],"curies":[{"name":"wp","href":"https:\/\/api.w.org\/{rel}","templated":true}]}}