{"id":32,"date":"2023-01-08T18:12:30","date_gmt":"2023-01-08T17:12:30","guid":{"rendered":"https:\/\/ikub.demoworld.eu\/?page_id=32"},"modified":"2023-01-14T13:39:59","modified_gmt":"2023-01-14T12:39:59","slug":"einsatzgruende","status":"publish","type":"page","link":"https:\/\/ikub.demoworld.eu\/?page_id=32","title":{"rendered":"Einsatzgr\u00fcnde"},"content":{"rendered":"\n<p>Die Gr\u00fcnde f\u00fcr eine Begleitung in Familien oder bei Einzelpersonen ist vielseitig und individuell.<\/p>\n\n\n\n<ul>\n<li>Seien dies Erziehungsfragen, \u00dcberforderungen von Erziehungsberechtigten und\/oder deren Kindern, die zu Schwierigkeiten und\/oder Auseinandersetzungen f\u00fchren<\/li>\n\n\n\n<li>Familienmitglieder, die w\u00e4hrend oder nach einem station\u00e4ren Aufenthalt unterst\u00fctzt werden sollen<\/li>\n\n\n\n<li>Kinder und Jugendliche, die in der Schule, am Arbeitsplatz oder zu Hause auff\u00e4llig werden<\/li>\n\n\n\n<li>Gewalt von Angeh\u00f6rigen gegen Kinder<\/li>\n\n\n\n<li>Aggressives Verhalten der Kinder innerhalb oder ausserhalb der Familie<\/li>\n\n\n\n<li>Delinquentes Verhalten<\/li>\n\n\n\n<li>Familien aus anderen Kulturen, die mit den Erziehungsinhalten in der Schweiz zu wenig vertraut sind oder mit diesen in Konflikt geraten<\/li>\n\n\n\n<li>Belastende Lebenssituationen welche sich negativ auf die Angeh\u00f6rigen auswirken<\/li>\n\n\n\n<li>Konflikte, die im Zusammenleben der Familie auftreten<\/li>\n<\/ul>\n","protected":false},"excerpt":{"rendered":"<p>Die Gr\u00fcnde f\u00fcr eine Begleitung in Familien oder bei Einzelpersonen ist vielseitig und individuell.<\/p>\n","protected":false},"author":1,"featured_media":0,"parent":0,"menu_order":3,"comment_status":"closed","ping_status":"closed","template":"","meta":{"footnotes":""},"_links":{"self":[{"href":"https:\/\/ikub.demoworld.eu\/index.php?rest_route=\/wp\/v2\/pages\/32"}],"collection":[{"href":"https:\/\/ikub.demoworld.eu\/index.php?rest_route=\/wp\/v2\/pages"}],"about":[{"href":"https:\/\/ikub.demoworld.eu\/index.php?rest_route=\/wp\/v2\/types\/page"}],"author":[{"embeddable":true,"href":"https:\/\/ikub.demoworld.eu\/index.php?rest_route=\/wp\/v2\/users\/1"}],"replies":[{"embeddable":true,"href":"https:\/\/ikub.demoworld.eu\/index.php?rest_route=%2Fwp%2Fv2%2Fcomments&post=32"}],"version-history":[{"count":1,"href":"https:\/\/ikub.demoworld.eu\/index.php?rest_route=\/wp\/v2\/pages\/32\/revisions"}],"predecessor-version":[{"id":33,"href":"https:\/\/ikub.demoworld.eu\/index.php?rest_route=\/wp\/v2\/pages\/32\/revisions\/33"}],"wp:attachment":[{"href":"https:\/\/ikub.demoworld.eu\/index.php?rest_route=%2Fwp%2Fv2%2Fmedia&parent=32"}],"curies":[{"name":"wp","href":"https:\/\/api.w.org\/{rel}","templated":true}]}}