{"id":43,"date":"2023-01-08T18:16:36","date_gmt":"2023-01-08T17:16:36","guid":{"rendered":"https:\/\/ikub.demoworld.eu\/?page_id=43"},"modified":"2023-03-20T13:34:13","modified_gmt":"2023-03-20T12:34:13","slug":"kontakt","status":"publish","type":"page","link":"https:\/\/ikub.demoworld.eu\/?page_id=43","title":{"rendered":"Kontakt"},"content":{"rendered":"\n<h3 class=\"wp-block-heading\">So erreichen Sie uns:<\/h3>\n\n\n\n<p>Gerne informieren wir Sie \u00fcber unser Angebot und unsere Arbeitsweise.<\/p>\n\n\n\n<p>Wir stehen f\u00fcr eine pr\u00e4zise Bedarfsaufnahme und eine kompetente Erstberatung \u00fcber die Zusammenarbeit.<\/p>\n\n\n\n<p>Wir sind erreichbar unter:<\/p>\n\n\n\n<p>Telefon: <a href=\"tel: +41 32 530 15 07\">+41 (0)32 530 15 07<\/a><\/p>\n\n\n\n<p>per Mail: <a href=\"mailto:kontakt@ikub.ch\">kontakt@ikub.ch<\/a><\/p>\n\n\n\n<p>per Post:<\/p>\n\n\n\n<p>IKuB vor Ort GmbH<br>Wydenstrasse 11<br>4704 <strong>Niederbipp<\/strong><\/p>\n","protected":false},"excerpt":{"rendered":"<p>So erreichen Sie uns: Gerne informieren wir Sie \u00fcber unser Angebot und unsere Arbeitsweise. Wir stehen f\u00fcr eine pr\u00e4zise Bedarfsaufnahme und eine kompetente Erstberatung \u00fcber die Zusammenarbeit. Wir sind erreichbar unter: Telefon: +41 (0)32 530 15 07 per Mail: kontakt@ikub.ch per Post: IKuB vor Ort GmbHWydenstrasse 114704 Niederbipp<\/p>\n","protected":false},"author":1,"featured_media":0,"parent":0,"menu_order":7,"comment_status":"closed","ping_status":"closed","template":"","meta":{"footnotes":""},"_links":{"self":[{"href":"https:\/\/ikub.demoworld.eu\/index.php?rest_route=\/wp\/v2\/pages\/43"}],"collection":[{"href":"https:\/\/ikub.demoworld.eu\/index.php?rest_route=\/wp\/v2\/pages"}],"about":[{"href":"https:\/\/ikub.demoworld.eu\/index.php?rest_route=\/wp\/v2\/types\/page"}],"author":[{"embeddable":true,"href":"https:\/\/ikub.demoworld.eu\/index.php?rest_route=\/wp\/v2\/users\/1"}],"replies":[{"embeddable":true,"href":"https:\/\/ikub.demoworld.eu\/index.php?rest_route=%2Fwp%2Fv2%2Fcomments&post=43"}],"version-history":[{"count":4,"href":"https:\/\/ikub.demoworld.eu\/index.php?rest_route=\/wp\/v2\/pages\/43\/revisions"}],"predecessor-version":[{"id":220,"href":"https:\/\/ikub.demoworld.eu\/index.php?rest_route=\/wp\/v2\/pages\/43\/revisions\/220"}],"wp:attachment":[{"href":"https:\/\/ikub.demoworld.eu\/index.php?rest_route=%2Fwp%2Fv2%2Fmedia&parent=43"}],"curies":[{"name":"wp","href":"https:\/\/api.w.org\/{rel}","templated":true}]}}