{"id":52,"date":"2023-01-14T13:01:53","date_gmt":"2023-01-14T12:01:53","guid":{"rendered":"https:\/\/ikub.demoworld.eu\/?page_id=52"},"modified":"2024-03-07T11:27:22","modified_gmt":"2024-03-07T10:27:22","slug":"sozialpaedagogische-familienbegleitung-spf","status":"publish","type":"page","link":"https:\/\/ikub.demoworld.eu\/?page_id=52","title":{"rendered":"<strong>Sozialp\u00e4dagogische Familienbegleitung (SPF)<\/strong>"},"content":{"rendered":"\n<p>Wir achten die Kultur, die Vielfalt und geben die dazu notwendigen Inputs. Wir f\u00f6rdern die einzelnen Mitglieder ihr Tun zu reflektieren und L\u00f6sungsstrategien zu erarbeiten. Die Familien erfahren in ihrer Kultur eine Begleitung, um selbstbestimmt eine Ver\u00e4nderung herbeizuf\u00fchren.<\/p>\n\n\n\n<p>Ziel ist, die F\u00e4higkeiten der einzelnen Familienmitglieder und Vertrauenspersonen zu festigen und die Kommunikation innerhalb zu st\u00e4rken. Die Motivation der Familie zu einer Ver\u00e4nderung ist wegweisend f\u00fcr einen Erfolg den sie vor sich haben.<\/p>\n\n\n\n<p>Wir f\u00f6rdern den Dialog und die Familienmitglieder erm\u00e4chtigen einander f\u00fcr das gemeinsame Zusammenleben.<\/p>\n\n\n\n<p>Die Familien erfahren vor Ort, nach genauer Auftragskl\u00e4rung und anzustrebende Ziele, die f\u00fcr sie erforderliche Begleitung durch uns.<\/p>\n\n\n\n<figure class=\"wp-block-image size-large\"><img loading=\"lazy\" decoding=\"async\" width=\"1024\" height=\"576\" src=\"https:\/\/ikub.demoworld.eu\/wp-content\/uploads\/2023\/01\/A29343E6-91C8-43AD-A772-7A88E1746A30-1024x576.png\" alt=\"\" class=\"wp-image-53\" srcset=\"https:\/\/ikub.demoworld.eu\/wp-content\/uploads\/2023\/01\/A29343E6-91C8-43AD-A772-7A88E1746A30-1024x576.png 1024w, https:\/\/ikub.demoworld.eu\/wp-content\/uploads\/2023\/01\/A29343E6-91C8-43AD-A772-7A88E1746A30-300x169.png 300w, https:\/\/ikub.demoworld.eu\/wp-content\/uploads\/2023\/01\/A29343E6-91C8-43AD-A772-7A88E1746A30-768x432.png 768w, https:\/\/ikub.demoworld.eu\/wp-content\/uploads\/2023\/01\/A29343E6-91C8-43AD-A772-7A88E1746A30-1536x864.png 1536w, https:\/\/ikub.demoworld.eu\/wp-content\/uploads\/2023\/01\/A29343E6-91C8-43AD-A772-7A88E1746A30.png 1920w\" sizes=\"(max-width: 1024px) 100vw, 1024px\" \/><\/figure>\n\n\n\n<p><\/p>\n","protected":false},"excerpt":{"rendered":"<p>Wir achten die Kultur, die Vielfalt und geben die dazu notwendigen Inputs. Wir f\u00f6rdern die einzelnen Mitglieder ihr Tun zu reflektieren und L\u00f6sungsstrategien zu erarbeiten. Die Familien erfahren in ihrer Kultur eine Begleitung, um selbstbestimmt eine Ver\u00e4nderung herbeizuf\u00fchren. Ziel ist, die F\u00e4higkeiten der einzelnen Familienmitglieder und Vertrauenspersonen zu festigen und die Kommunikation innerhalb zu st\u00e4rken. [&hellip;]<\/p>\n","protected":false},"author":1,"featured_media":0,"parent":29,"menu_order":1,"comment_status":"closed","ping_status":"closed","template":"","meta":{"footnotes":""},"_links":{"self":[{"href":"https:\/\/ikub.demoworld.eu\/index.php?rest_route=\/wp\/v2\/pages\/52"}],"collection":[{"href":"https:\/\/ikub.demoworld.eu\/index.php?rest_route=\/wp\/v2\/pages"}],"about":[{"href":"https:\/\/ikub.demoworld.eu\/index.php?rest_route=\/wp\/v2\/types\/page"}],"author":[{"embeddable":true,"href":"https:\/\/ikub.demoworld.eu\/index.php?rest_route=\/wp\/v2\/users\/1"}],"replies":[{"embeddable":true,"href":"https:\/\/ikub.demoworld.eu\/index.php?rest_route=%2Fwp%2Fv2%2Fcomments&post=52"}],"version-history":[{"count":2,"href":"https:\/\/ikub.demoworld.eu\/index.php?rest_route=\/wp\/v2\/pages\/52\/revisions"}],"predecessor-version":[{"id":521,"href":"https:\/\/ikub.demoworld.eu\/index.php?rest_route=\/wp\/v2\/pages\/52\/revisions\/521"}],"up":[{"embeddable":true,"href":"https:\/\/ikub.demoworld.eu\/index.php?rest_route=\/wp\/v2\/pages\/29"}],"wp:attachment":[{"href":"https:\/\/ikub.demoworld.eu\/index.php?rest_route=%2Fwp%2Fv2%2Fmedia&parent=52"}],"curies":[{"name":"wp","href":"https:\/\/api.w.org\/{rel}","templated":true}]}}