{"id":539,"date":"2024-03-07T13:25:58","date_gmt":"2024-03-07T12:25:58","guid":{"rendered":"https:\/\/ikub.demoworld.eu\/?page_id=539"},"modified":"2024-03-09T22:43:38","modified_gmt":"2024-03-09T21:43:38","slug":"andrea-sinyan-2","status":"publish","type":"page","link":"https:\/\/ikub.demoworld.eu\/?page_id=539","title":{"rendered":"Andrea Sinyan"},"content":{"rendered":"\n<div class=\"wp-block-media-text alignwide is-stacked-on-mobile is-vertically-aligned-bottom has-small-font-size\" style=\"grid-template-columns:56% auto\"><figure class=\"wp-block-media-text__media\"><img loading=\"lazy\" decoding=\"async\" width=\"1000\" height=\"777\" src=\"https:\/\/ikub.demoworld.eu\/wp-content\/uploads\/2024\/02\/ANdrea-Foto.png\" alt=\"\" class=\"wp-image-352 size-full\" srcset=\"https:\/\/ikub.demoworld.eu\/wp-content\/uploads\/2024\/02\/ANdrea-Foto.png 1000w, https:\/\/ikub.demoworld.eu\/wp-content\/uploads\/2024\/02\/ANdrea-Foto-300x233.png 300w, https:\/\/ikub.demoworld.eu\/wp-content\/uploads\/2024\/02\/ANdrea-Foto-768x597.png 768w\" sizes=\"(max-width: 1000px) 100vw, 1000px\" \/><\/figure><div class=\"wp-block-media-text__content\">\n<p><strong>Sozialp\u00e4dagogin HF<\/strong><\/p>\n\n\n\n<p>CAS Sozialp\u00e4dagogische Familienbegleitung \/<\/p>\n\n\n\n<p>Koordinatorin Familienrat<\/p>\n\n\n\n<p><a href=\"mailto:andrea.sinyan@ikub.ch\">andrea.sinyan@ikub.ch<\/a><\/p>\n\n\n\n<p>078 975 07 02<br><br><a href=\"https:\/\/ikub.demoworld.eu\/wp-admin\/post.php?post=485&amp;action=edit\">Lebenslauf<\/a><\/p>\n<\/div><\/div>\n\n\n\n<blockquote class=\"wp-block-quote\">\n<p>&#8220;Du wirst morgen sein, was du heute denkst. &#8220;<\/p>\n\n\n\n<p>&#8220;Glaube an deine F\u00e4higkeiten, und du bist bereist auf halbem Weg zum Ziel.&#8221;<\/p>\n<\/blockquote>\n\n\n\n<p><strong>Mein Buchtipp f\u00fcr Familien<\/strong><\/p>\n\n\n<div class=\"wp-block-image\">\n<figure class=\"alignleft size-full is-resized\"><img loading=\"lazy\" decoding=\"async\" width=\"693\" height=\"750\" src=\"https:\/\/ikub.demoworld.eu\/wp-content\/uploads\/2024\/03\/8-x-wieso-weshalb-warum-bucher.jpg\" alt=\"\" class=\"wp-image-573\" style=\"width:283px;height:auto\" srcset=\"https:\/\/ikub.demoworld.eu\/wp-content\/uploads\/2024\/03\/8-x-wieso-weshalb-warum-bucher.jpg 693w, https:\/\/ikub.demoworld.eu\/wp-content\/uploads\/2024\/03\/8-x-wieso-weshalb-warum-bucher-277x300.jpg 277w\" sizes=\"(max-width: 693px) 100vw, 693px\" \/><\/figure><\/div>\n\n\n<p><br><br><br><br><br><strong>Wieso? Weshalb? Warum<\/strong><br>Wertevolle und anregende Kindersachb\u00fccher f\u00fcr Fragestellungen der Kinder gemeinsam und auch selbst\u00e4ndig zu ergr\u00fcnden.<\/p>\n\n\n\n<p>    <br><br><\/p>\n\n\n\n<p>    <\/p>\n\n\n\n<p><br><br>   <\/p>\n\n\n\n<p><\/p>\n\n\n\n<p><\/p>\n\n\n\n<p><br><strong>Mein Ausflugsziel mit Kinder:<\/strong><br>Wald, Wasser, Holz und Dreck.<br>Elfen- und Wichtelweg im Wald von Wolfwil<\/p>\n","protected":false},"excerpt":{"rendered":"<p>Sozialp\u00e4dagogin HF CAS Sozialp\u00e4dagogische Familienbegleitung \/ Koordinatorin Familienrat andrea.sinyan@ikub.ch 078 975 07 02 Lebenslauf &#8220;Du wirst morgen sein, was du heute denkst. &#8220; &#8220;Glaube an deine F\u00e4higkeiten, und du bist bereist auf halbem Weg zum Ziel.&#8221; Mein Buchtipp f\u00fcr Familien Wieso? Weshalb? WarumWertevolle und anregende Kindersachb\u00fccher f\u00fcr Fragestellungen der Kinder gemeinsam und auch selbst\u00e4ndig zu [&hellip;]<\/p>\n","protected":false},"author":1,"featured_media":0,"parent":36,"menu_order":0,"comment_status":"closed","ping_status":"closed","template":"","meta":{"footnotes":""},"_links":{"self":[{"href":"https:\/\/ikub.demoworld.eu\/index.php?rest_route=\/wp\/v2\/pages\/539"}],"collection":[{"href":"https:\/\/ikub.demoworld.eu\/index.php?rest_route=\/wp\/v2\/pages"}],"about":[{"href":"https:\/\/ikub.demoworld.eu\/index.php?rest_route=\/wp\/v2\/types\/page"}],"author":[{"embeddable":true,"href":"https:\/\/ikub.demoworld.eu\/index.php?rest_route=\/wp\/v2\/users\/1"}],"replies":[{"embeddable":true,"href":"https:\/\/ikub.demoworld.eu\/index.php?rest_route=%2Fwp%2Fv2%2Fcomments&post=539"}],"version-history":[{"count":25,"href":"https:\/\/ikub.demoworld.eu\/index.php?rest_route=\/wp\/v2\/pages\/539\/revisions"}],"predecessor-version":[{"id":597,"href":"https:\/\/ikub.demoworld.eu\/index.php?rest_route=\/wp\/v2\/pages\/539\/revisions\/597"}],"up":[{"embeddable":true,"href":"https:\/\/ikub.demoworld.eu\/index.php?rest_route=\/wp\/v2\/pages\/36"}],"wp:attachment":[{"href":"https:\/\/ikub.demoworld.eu\/index.php?rest_route=%2Fwp%2Fv2%2Fmedia&parent=539"}],"curies":[{"name":"wp","href":"https:\/\/api.w.org\/{rel}","templated":true}]}}