{"id":59,"date":"2023-01-14T13:36:46","date_gmt":"2023-01-14T12:36:46","guid":{"rendered":"https:\/\/ikub.demoworld.eu\/?page_id=59"},"modified":"2023-01-14T13:41:32","modified_gmt":"2023-01-14T12:41:32","slug":"mandatsfuehrung","status":"publish","type":"page","link":"https:\/\/ikub.demoworld.eu\/?page_id=59","title":{"rendered":"Mandatsf\u00fchrung"},"content":{"rendered":"\n<p>Wir \u00fcbernehmen Beistandschaften oder Teilaufgaben im Bereich Kindes- und Erwachsenenschutzrecht. Dabei setzen wir uns f\u00fcr die Grundbed\u00fcrfnisse der Betroffenen ein, f\u00f6rdern ihre Selbstbestimmung, setzen uns f\u00fcr ihr rechtliches Geh\u00f6r ein und gew\u00e4hrleisten ein sorgf\u00e4ltiges Handeln.<\/p>\n","protected":false},"excerpt":{"rendered":"<p>Wir \u00fcbernehmen Beistandschaften oder Teilaufgaben im Bereich Kindes- und Erwachsenenschutzrecht. Dabei setzen wir uns f\u00fcr die Grundbed\u00fcrfnisse der Betroffenen ein, f\u00f6rdern ihre Selbstbestimmung, setzen uns f\u00fcr ihr rechtliches Geh\u00f6r ein und gew\u00e4hrleisten ein sorgf\u00e4ltiges Handeln.<\/p>\n","protected":false},"author":1,"featured_media":0,"parent":29,"menu_order":0,"comment_status":"closed","ping_status":"closed","template":"","meta":{"footnotes":""},"_links":{"self":[{"href":"https:\/\/ikub.demoworld.eu\/index.php?rest_route=\/wp\/v2\/pages\/59"}],"collection":[{"href":"https:\/\/ikub.demoworld.eu\/index.php?rest_route=\/wp\/v2\/pages"}],"about":[{"href":"https:\/\/ikub.demoworld.eu\/index.php?rest_route=\/wp\/v2\/types\/page"}],"author":[{"embeddable":true,"href":"https:\/\/ikub.demoworld.eu\/index.php?rest_route=\/wp\/v2\/users\/1"}],"replies":[{"embeddable":true,"href":"https:\/\/ikub.demoworld.eu\/index.php?rest_route=%2Fwp%2Fv2%2Fcomments&post=59"}],"version-history":[{"count":1,"href":"https:\/\/ikub.demoworld.eu\/index.php?rest_route=\/wp\/v2\/pages\/59\/revisions"}],"predecessor-version":[{"id":60,"href":"https:\/\/ikub.demoworld.eu\/index.php?rest_route=\/wp\/v2\/pages\/59\/revisions\/60"}],"up":[{"embeddable":true,"href":"https:\/\/ikub.demoworld.eu\/index.php?rest_route=\/wp\/v2\/pages\/29"}],"wp:attachment":[{"href":"https:\/\/ikub.demoworld.eu\/index.php?rest_route=%2Fwp%2Fv2%2Fmedia&parent=59"}],"curies":[{"name":"wp","href":"https:\/\/api.w.org\/{rel}","templated":true}]}}