{"id":61,"date":"2023-01-14T13:38:12","date_gmt":"2023-01-14T12:38:12","guid":{"rendered":"https:\/\/ikub.demoworld.eu\/?page_id=61"},"modified":"2024-03-03T18:34:46","modified_gmt":"2024-03-03T17:34:46","slug":"wohnbegleitung","status":"publish","type":"page","link":"https:\/\/ikub.demoworld.eu\/?page_id=61","title":{"rendered":"Wohnbegleitung"},"content":{"rendered":"\n<p>Administrative und haush\u00e4lterische Belangen k\u00f6nnen in gewissen Lebensphasen zur vermeidbaren Belastung werden und \u00dcberforderung bis Vermeidung ausl\u00f6sen. Wir unterst\u00fctzen und begleiten Menschen im Alltag in ihrer Wohnf\u00e4higkeit, kl\u00e4ren und l\u00f6sen anstehende und zuk\u00fcnftige Aufgaben und erarbeiten mit ihnen zusammen nachhaltige Strategien bis hin zur Selbst\u00e4ndigkeit.<\/p>\n\n\n","protected":false},"excerpt":{"rendered":"<p>Administrative und haush\u00e4lterische Belangen k\u00f6nnen in gewissen Lebensphasen zur vermeidbaren Belastung werden und \u00dcberforderung bis Vermeidung ausl\u00f6sen. Wir unterst\u00fctzen und begleiten Menschen im Alltag in ihrer Wohnf\u00e4higkeit, kl\u00e4ren und l\u00f6sen anstehende und zuk\u00fcnftige Aufgaben und erarbeiten mit ihnen zusammen nachhaltige Strategien bis hin zur Selbst\u00e4ndigkeit.<\/p>\n","protected":false},"author":1,"featured_media":0,"parent":29,"menu_order":0,"comment_status":"closed","ping_status":"closed","template":"","meta":{"footnotes":""},"_links":{"self":[{"href":"https:\/\/ikub.demoworld.eu\/index.php?rest_route=\/wp\/v2\/pages\/61"}],"collection":[{"href":"https:\/\/ikub.demoworld.eu\/index.php?rest_route=\/wp\/v2\/pages"}],"about":[{"href":"https:\/\/ikub.demoworld.eu\/index.php?rest_route=\/wp\/v2\/types\/page"}],"author":[{"embeddable":true,"href":"https:\/\/ikub.demoworld.eu\/index.php?rest_route=\/wp\/v2\/users\/1"}],"replies":[{"embeddable":true,"href":"https:\/\/ikub.demoworld.eu\/index.php?rest_route=%2Fwp%2Fv2%2Fcomments&post=61"}],"version-history":[{"count":2,"href":"https:\/\/ikub.demoworld.eu\/index.php?rest_route=\/wp\/v2\/pages\/61\/revisions"}],"predecessor-version":[{"id":425,"href":"https:\/\/ikub.demoworld.eu\/index.php?rest_route=\/wp\/v2\/pages\/61\/revisions\/425"}],"up":[{"embeddable":true,"href":"https:\/\/ikub.demoworld.eu\/index.php?rest_route=\/wp\/v2\/pages\/29"}],"wp:attachment":[{"href":"https:\/\/ikub.demoworld.eu\/index.php?rest_route=%2Fwp%2Fv2%2Fmedia&parent=61"}],"curies":[{"name":"wp","href":"https:\/\/api.w.org\/{rel}","templated":true}]}}